{"id":1723,"date":"2025-02-05T11:34:05","date_gmt":"2025-02-05T10:34:05","guid":{"rendered":"https:\/\/www.whyonset.com\/?page_id=1723"},"modified":"2026-03-03T15:53:58","modified_gmt":"2026-03-03T14:53:58","slug":"data-stations","status":"publish","type":"page","link":"https:\/\/www.whyonset.com\/en\/equipments\/data-stations\/","title":{"rendered":"Data Stations"},"content":{"rendered":"","protected":false},"excerpt":{"rendered":"","protected":false},"author":1,"featured_media":0,"parent":722,"menu_order":4,"comment_status":"closed","ping_status":"closed","template":"","meta":{"footnotes":""},"class_list":["post-1723","page","type-page","status-publish","hentry"],"yoast_head":"<!-- This site is optimized with the Yoast SEO plugin v27.0 - https:\/\/yoast.com\/product\/yoast-seo-wordpress\/ -->\n<title>Data Stations - Digital Data Lab Rental - Why On Set<\/title>\n<meta name=\"description\" content=\"Configurable Data Stations According to Project and Requirements. Dailies for editing and transcoding. Camera reports and copying\" \/>\n<meta name=\"robots\" content=\"index, follow, max-snippet:-1, max-image-preview:large, max-video-preview:-1\" \/>\n<link rel=\"canonical\" href=\"https:\/\/www.whyonset.com\/en\/equipments\/data-stations\/\" \/>\n<meta property=\"og:locale\" content=\"en_US\" \/>\n<meta property=\"og:type\" content=\"article\" \/>\n<meta property=\"og:title\" content=\"Data Stations - Digital Data Lab Rental - Why On Set\" \/>\n<meta property=\"og:description\" content=\"Configurable Data Stations According to Project and Requirements. Dailies for editing and transcoding. Camera reports and copying\" \/>\n<meta property=\"og:url\" content=\"https:\/\/www.whyonset.com\/en\/equipments\/data-stations\/\" \/>\n<meta property=\"og:site_name\" content=\"Digital Data Lab Rental\" \/>\n<meta property=\"article:modified_time\" content=\"2026-03-03T14:53:58+00:00\" \/>\n<meta name=\"twitter:card\" content=\"summary_large_image\" \/>\n<script type=\"application\/ld+json\" class=\"yoast-schema-graph\">{\"@context\":\"https:\/\/schema.org\",\"@graph\":[{\"@type\":\"WebPage\",\"@id\":\"https:\/\/www.whyonset.com\/en\/equipments\/data-stations\/\",\"url\":\"https:\/\/www.whyonset.com\/en\/equipments\/data-stations\/\",\"name\":\"Data Stations - Digital Data Lab Rental - Why On Set\",\"isPartOf\":{\"@id\":\"https:\/\/www.whyonset.com\/#website\"},\"datePublished\":\"2025-02-05T10:34:05+00:00\",\"dateModified\":\"2026-03-03T14:53:58+00:00\",\"description\":\"Configurable Data Stations According to Project and Requirements. Dailies for editing and transcoding. Camera reports and copying\",\"breadcrumb\":{\"@id\":\"https:\/\/www.whyonset.com\/en\/equipments\/data-stations\/#breadcrumb\"},\"inLanguage\":\"en-US\",\"potentialAction\":[{\"@type\":\"ReadAction\",\"target\":[\"https:\/\/www.whyonset.com\/en\/equipments\/data-stations\/\"]}]},{\"@type\":\"BreadcrumbList\",\"@id\":\"https:\/\/www.whyonset.com\/en\/equipments\/data-stations\/#breadcrumb\",\"itemListElement\":[{\"@type\":\"ListItem\",\"position\":1,\"name\":\"Home\",\"item\":\"https:\/\/www.whyonset.com\/en\/home-whyonset\/\"},{\"@type\":\"ListItem\",\"position\":2,\"name\":\"Equipments\",\"item\":\"https:\/\/www.whyonset.com\/en\/equipments\/\"},{\"@type\":\"ListItem\",\"position\":3,\"name\":\"Data Stations\"}]},{\"@type\":\"WebSite\",\"@id\":\"https:\/\/www.whyonset.com\/#website\",\"url\":\"https:\/\/www.whyonset.com\/\",\"name\":\"Digital Data Lab Rental\",\"description\":\"DIT Stations, DIT Vans, Live Grade, Correcci\u00f3n de color en directo (Near Set). Ficci\u00f3n y Publicidad. Asesoramiento t\u00e9cnico y soporte ininterrumpido.\",\"potentialAction\":[{\"@type\":\"SearchAction\",\"target\":{\"@type\":\"EntryPoint\",\"urlTemplate\":\"https:\/\/www.whyonset.com\/?s={search_term_string}\"},\"query-input\":{\"@type\":\"PropertyValueSpecification\",\"valueRequired\":true,\"valueName\":\"search_term_string\"}}],\"inLanguage\":\"en-US\"}]}<\/script>\n<!-- \/ Yoast SEO plugin. -->","yoast_head_json":{"title":"Data Stations - Digital Data Lab Rental - Why On Set","description":"Configurable Data Stations According to Project and Requirements. Dailies for editing and transcoding. Camera reports and copying","robots":{"index":"index","follow":"follow","max-snippet":"max-snippet:-1","max-image-preview":"max-image-preview:large","max-video-preview":"max-video-preview:-1"},"canonical":"https:\/\/www.whyonset.com\/en\/equipments\/data-stations\/","og_locale":"en_US","og_type":"article","og_title":"Data Stations - Digital Data Lab Rental - Why On Set","og_description":"Configurable Data Stations According to Project and Requirements. Dailies for editing and transcoding. Camera reports and copying","og_url":"https:\/\/www.whyonset.com\/en\/equipments\/data-stations\/","og_site_name":"Digital Data Lab Rental","article_modified_time":"2026-03-03T14:53:58+00:00","twitter_card":"summary_large_image","schema":{"@context":"https:\/\/schema.org","@graph":[{"@type":"WebPage","@id":"https:\/\/www.whyonset.com\/en\/equipments\/data-stations\/","url":"https:\/\/www.whyonset.com\/en\/equipments\/data-stations\/","name":"Data Stations - Digital Data Lab Rental - Why On Set","isPartOf":{"@id":"https:\/\/www.whyonset.com\/#website"},"datePublished":"2025-02-05T10:34:05+00:00","dateModified":"2026-03-03T14:53:58+00:00","description":"Configurable Data Stations According to Project and Requirements. Dailies for editing and transcoding. Camera reports and copying","breadcrumb":{"@id":"https:\/\/www.whyonset.com\/en\/equipments\/data-stations\/#breadcrumb"},"inLanguage":"en-US","potentialAction":[{"@type":"ReadAction","target":["https:\/\/www.whyonset.com\/en\/equipments\/data-stations\/"]}]},{"@type":"BreadcrumbList","@id":"https:\/\/www.whyonset.com\/en\/equipments\/data-stations\/#breadcrumb","itemListElement":[{"@type":"ListItem","position":1,"name":"Home","item":"https:\/\/www.whyonset.com\/en\/home-whyonset\/"},{"@type":"ListItem","position":2,"name":"Equipments","item":"https:\/\/www.whyonset.com\/en\/equipments\/"},{"@type":"ListItem","position":3,"name":"Data Stations"}]},{"@type":"WebSite","@id":"https:\/\/www.whyonset.com\/#website","url":"https:\/\/www.whyonset.com\/","name":"Digital Data Lab Rental","description":"DIT Stations, DIT Vans, Live Grade, Correcci\u00f3n de color en directo (Near Set). Ficci\u00f3n y Publicidad. Asesoramiento t\u00e9cnico y soporte ininterrumpido.","potentialAction":[{"@type":"SearchAction","target":{"@type":"EntryPoint","urlTemplate":"https:\/\/www.whyonset.com\/?s={search_term_string}"},"query-input":{"@type":"PropertyValueSpecification","valueRequired":true,"valueName":"search_term_string"}}],"inLanguage":"en-US"}]}},"_links":{"self":[{"href":"https:\/\/www.whyonset.com\/en\/wp-json\/wp\/v2\/pages\/1723","targetHints":{"allow":["GET"]}}],"collection":[{"href":"https:\/\/www.whyonset.com\/en\/wp-json\/wp\/v2\/pages"}],"about":[{"href":"https:\/\/www.whyonset.com\/en\/wp-json\/wp\/v2\/types\/page"}],"author":[{"embeddable":true,"href":"https:\/\/www.whyonset.com\/en\/wp-json\/wp\/v2\/users\/1"}],"replies":[{"embeddable":true,"href":"https:\/\/www.whyonset.com\/en\/wp-json\/wp\/v2\/comments?post=1723"}],"version-history":[{"count":2,"href":"https:\/\/www.whyonset.com\/en\/wp-json\/wp\/v2\/pages\/1723\/revisions"}],"predecessor-version":[{"id":5124,"href":"https:\/\/www.whyonset.com\/en\/wp-json\/wp\/v2\/pages\/1723\/revisions\/5124"}],"up":[{"embeddable":true,"href":"https:\/\/www.whyonset.com\/en\/wp-json\/wp\/v2\/pages\/722"}],"wp:attachment":[{"href":"https:\/\/www.whyonset.com\/en\/wp-json\/wp\/v2\/media?parent=1723"}],"curies":[{"name":"wp","href":"https:\/\/api.w.org\/{rel}","templated":true}]}}